{"id":119,"date":"2022-01-21T20:52:50","date_gmt":"2022-01-21T19:52:50","guid":{"rendered":"http:\/\/site.sophia-tauber.de\/?page_id=119"},"modified":"2023-09-08T12:56:47","modified_gmt":"2023-09-08T11:56:47","slug":"home","status":"publish","type":"page","link":"https:\/\/sophia-tauber.de\/home\/","title":{"rendered":"Home"},"content":{"rendered":"\t\t<div data-elementor-type=\"wp-page\" data-elementor-id=\"119\" class=\"elementor elementor-119\">\n\t\t\t\t\t\t<section class=\"elementor-section elementor-top-section elementor-element elementor-element-393e6b7 elementor-section-boxed elementor-section-height-default elementor-section-height-default\" data-id=\"393e6b7\" data-element_type=\"section\" data-e-type=\"section\">\n\t\t\t\t\t\t<div class=\"elementor-container elementor-column-gap-default\">\n\t\t\t\t\t<div class=\"elementor-column elementor-col-100 elementor-top-column elementor-element elementor-element-feee642\" data-id=\"feee642\" data-element_type=\"column\" data-e-type=\"column\">\n\t\t\t<div class=\"elementor-widget-wrap elementor-element-populated\">\n\t\t\t\t\t\t<div class=\"elementor-element elementor-element-b35fac9 elementor-widget elementor-widget-image\" data-id=\"b35fac9\" data-element_type=\"widget\" data-e-type=\"widget\" data-widget_type=\"image.default\">\n\t\t\t\t<div class=\"elementor-widget-container\">\n\t\t\t\t\t\t\t\t\t\t\t\t\t\t\t<img fetchpriority=\"high\" decoding=\"async\" width=\"768\" height=\"512\" src=\"https:\/\/sophia-tauber.de\/wp-content\/uploads\/2022\/07\/DSC01384-768x512.jpg\" class=\"attachment-medium_large size-medium_large wp-image-271\" alt=\"\" srcset=\"https:\/\/sophia-tauber.de\/wp-content\/uploads\/2022\/07\/DSC01384-768x512.jpg 768w, https:\/\/sophia-tauber.de\/wp-content\/uploads\/2022\/07\/DSC01384-300x200.jpg 300w, https:\/\/sophia-tauber.de\/wp-content\/uploads\/2022\/07\/DSC01384-1024x683.jpg 1024w, https:\/\/sophia-tauber.de\/wp-content\/uploads\/2022\/07\/DSC01384-1536x1024.jpg 1536w, https:\/\/sophia-tauber.de\/wp-content\/uploads\/2022\/07\/DSC01384-2048x1365.jpg 2048w, https:\/\/sophia-tauber.de\/wp-content\/uploads\/2022\/07\/DSC01384-450x300.jpg 450w, https:\/\/sophia-tauber.de\/wp-content\/uploads\/2022\/07\/DSC01384-90x60.jpg 90w\" sizes=\"(max-width: 768px) 100vw, 768px\" \/>\t\t\t\t\t\t\t\t\t\t\t\t\t\t\t<\/div>\n\t\t\t\t<\/div>\n\t\t\t\t\t<\/div>\n\t\t<\/div>\n\t\t\t\t\t<\/div>\n\t\t<\/section>\n\t\t\t\t<section class=\"elementor-section elementor-top-section elementor-element elementor-element-1ed161d elementor-section-boxed elementor-section-height-default elementor-section-height-default\" data-id=\"1ed161d\" data-element_type=\"section\" data-e-type=\"section\">\n\t\t\t\t\t\t<div class=\"elementor-container elementor-column-gap-default\">\n\t\t\t\t\t<div class=\"elementor-column elementor-col-100 elementor-top-column elementor-element elementor-element-10161b0\" data-id=\"10161b0\" data-element_type=\"column\" data-e-type=\"column\">\n\t\t\t<div class=\"elementor-widget-wrap elementor-element-populated\">\n\t\t\t\t\t\t<div class=\"elementor-element elementor-element-490efb6 elementor-widget elementor-widget-wp-widget-text\" data-id=\"490efb6\" data-element_type=\"widget\" data-e-type=\"widget\" data-widget_type=\"wp-widget-text.default\">\n\t\t\t\t<div class=\"elementor-widget-container\">\n\t\t\t\t\t\t\t\t<div class=\"textwidget\"><p style=\"text-align: center\"><span>Wenn wir nach Hause zu uns zur\u00fcckkehren und uns um uns k\u00fcmmern, heilen wir nicht nur unseren K\u00f6rper, sondern helfen auch der Erde. <strong>(Thich Nhat Hanh)<\/strong><\/span><\/p>\n<\/div>\n\t\t\t\t\t\t<\/div>\n\t\t\t\t<\/div>\n\t\t\t\t\t<\/div>\n\t\t<\/div>\n\t\t\t\t\t<\/div>\n\t\t<\/section>\n\t\t\t\t<section class=\"elementor-section elementor-top-section elementor-element elementor-element-e5d2b44 elementor-section-boxed elementor-section-height-default elementor-section-height-default\" data-id=\"e5d2b44\" data-element_type=\"section\" data-e-type=\"section\">\n\t\t\t\t\t\t<div class=\"elementor-container elementor-column-gap-default\">\n\t\t\t\t\t<div class=\"elementor-column elementor-col-100 elementor-top-column elementor-element elementor-element-ceb57a5\" data-id=\"ceb57a5\" data-element_type=\"column\" data-e-type=\"column\">\n\t\t\t<div class=\"elementor-widget-wrap elementor-element-populated\">\n\t\t\t\t\t\t<div class=\"elementor-element elementor-element-fc235f6 elementor-widget elementor-widget-wp-widget-text\" data-id=\"fc235f6\" data-element_type=\"widget\" data-e-type=\"widget\" data-widget_type=\"wp-widget-text.default\">\n\t\t\t\t<div class=\"elementor-widget-container\">\n\t\t\t\t\t\t\t\t<div class=\"textwidget\"><p style=\"text-align: center\"><span style=\"color: #008000\"><strong>Willkommen und ein herzliches Hallo!<\/strong><\/span><\/p>\n<p style=\"text-align: center\">Du interessierst dich f\u00fcr die Themen <strong>achtsame Elternschaft<\/strong>, <strong>Naturverbundenheit<\/strong> und <strong>bed\u00fcrfnis- und bindungsorientierte Erziehung<\/strong>? Dann st\u00f6bere gerne in meinen Angeboten und ich freue mich dich vielleicht bald kennenzulernen.<\/p>\n<p style=\"text-align: center\"><strong>Ich finde n\u00e4mlich:<\/strong><\/p>\n<p style=\"text-align: center\">Kinder sind f\u00fcr Eltern Entwicklungskatalysatoren, die innere Prozesse in Gang setzen. Gewinnen wir Klarheit \u00fcber uns selbst, so k\u00f6nnen wir pr\u00e4senter und empathischer mit unseren Kindern in Verbindung treten. Unsere Erde ben\u00f6tigt Kinder, die in Vertrauen und Verbundenheit sich um den Erhalt des Planten und um alle Lebewesen k\u00fcmmern.<\/p>\n<\/div>\n\t\t\t\t\t\t<\/div>\n\t\t\t\t<\/div>\n\t\t\t\t\t<\/div>\n\t\t<\/div>\n\t\t\t\t\t<\/div>\n\t\t<\/section>\n\t\t\t\t<\/div>\n\t\t","protected":false},"excerpt":{"rendered":"","protected":false},"author":1,"featured_media":0,"parent":0,"menu_order":0,"comment_status":"closed","ping_status":"closed","template":"","meta":{"footnotes":""},"class_list":["post-119","page","type-page","status-publish","hentry"],"yoast_head":"<!-- This site is optimized with the Yoast SEO plugin v27.5 - https:\/\/yoast.com\/product\/yoast-seo-wordpress\/ -->\n<title>Home - Sophia Tauber<\/title>\n<meta name=\"robots\" content=\"index, follow, max-snippet:-1, max-image-preview:large, max-video-preview:-1\" \/>\n<link rel=\"canonical\" href=\"https:\/\/sophia-tauber.de\/home\/\" \/>\n<meta property=\"og:locale\" content=\"de_DE\" \/>\n<meta property=\"og:type\" content=\"article\" \/>\n<meta property=\"og:title\" content=\"Home - Sophia Tauber\" \/>\n<meta property=\"og:url\" content=\"https:\/\/sophia-tauber.de\/home\/\" \/>\n<meta property=\"og:site_name\" content=\"Sophia Tauber\" \/>\n<meta property=\"article:modified_time\" content=\"2023-09-08T11:56:47+00:00\" \/>\n<meta property=\"og:image\" content=\"https:\/\/sophia-tauber.de\/wp-content\/uploads\/2022\/07\/DSC01384-768x512.jpg\" \/>\n<meta name=\"twitter:card\" content=\"summary_large_image\" \/>\n<meta name=\"twitter:label1\" content=\"Gesch\u00e4tzte Lesezeit\" \/>\n\t<meta name=\"twitter:data1\" content=\"1\u00a0Minute\" \/>\n<script type=\"application\/ld+json\" class=\"yoast-schema-graph\">{\"@context\":\"https:\\\/\\\/schema.org\",\"@graph\":[{\"@type\":\"WebPage\",\"@id\":\"https:\\\/\\\/sophia-tauber.de\\\/home\\\/\",\"url\":\"https:\\\/\\\/sophia-tauber.de\\\/home\\\/\",\"name\":\"Home - Sophia Tauber\",\"isPartOf\":{\"@id\":\"https:\\\/\\\/sophia-tauber.de\\\/home\\\/#website\"},\"primaryImageOfPage\":{\"@id\":\"https:\\\/\\\/sophia-tauber.de\\\/home\\\/#primaryimage\"},\"image\":{\"@id\":\"https:\\\/\\\/sophia-tauber.de\\\/home\\\/#primaryimage\"},\"thumbnailUrl\":\"https:\\\/\\\/sophia-tauber.de\\\/wp-content\\\/uploads\\\/2022\\\/07\\\/DSC01384-768x512.jpg\",\"datePublished\":\"2022-01-21T19:52:50+00:00\",\"dateModified\":\"2023-09-08T11:56:47+00:00\",\"breadcrumb\":{\"@id\":\"https:\\\/\\\/sophia-tauber.de\\\/home\\\/#breadcrumb\"},\"inLanguage\":\"de\",\"potentialAction\":[{\"@type\":\"ReadAction\",\"target\":[\"https:\\\/\\\/sophia-tauber.de\\\/home\\\/\"]}]},{\"@type\":\"ImageObject\",\"inLanguage\":\"de\",\"@id\":\"https:\\\/\\\/sophia-tauber.de\\\/home\\\/#primaryimage\",\"url\":\"https:\\\/\\\/sophia-tauber.de\\\/wp-content\\\/uploads\\\/2022\\\/07\\\/DSC01384-768x512.jpg\",\"contentUrl\":\"https:\\\/\\\/sophia-tauber.de\\\/wp-content\\\/uploads\\\/2022\\\/07\\\/DSC01384-768x512.jpg\"},{\"@type\":\"BreadcrumbList\",\"@id\":\"https:\\\/\\\/sophia-tauber.de\\\/home\\\/#breadcrumb\",\"itemListElement\":[{\"@type\":\"ListItem\",\"position\":1,\"name\":\"Startseite\",\"item\":\"https:\\\/\\\/sophia-tauber.de\\\/home\\\/\"},{\"@type\":\"ListItem\",\"position\":2,\"name\":\"Home\"}]},{\"@type\":\"WebSite\",\"@id\":\"https:\\\/\\\/sophia-tauber.de\\\/home\\\/#website\",\"url\":\"https:\\\/\\\/sophia-tauber.de\\\/home\\\/\",\"name\":\"Sophia Tauber - Gemeinsam wachsen \u2013 verbunden bleiben\",\"description\":\"Gemeinsam wachsen - verbunden bleiben\",\"potentialAction\":[{\"@type\":\"SearchAction\",\"target\":{\"@type\":\"EntryPoint\",\"urlTemplate\":\"https:\\\/\\\/sophia-tauber.de\\\/home\\\/?s={search_term_string}\"},\"query-input\":{\"@type\":\"PropertyValueSpecification\",\"valueRequired\":true,\"valueName\":\"search_term_string\"}}],\"inLanguage\":\"de\"}]}<\/script>\n<!-- \/ Yoast SEO plugin. -->","yoast_head_json":{"title":"Home - Sophia Tauber","robots":{"index":"index","follow":"follow","max-snippet":"max-snippet:-1","max-image-preview":"max-image-preview:large","max-video-preview":"max-video-preview:-1"},"canonical":"https:\/\/sophia-tauber.de\/home\/","og_locale":"de_DE","og_type":"article","og_title":"Home - Sophia Tauber","og_url":"https:\/\/sophia-tauber.de\/home\/","og_site_name":"Sophia Tauber","article_modified_time":"2023-09-08T11:56:47+00:00","og_image":[{"url":"https:\/\/sophia-tauber.de\/wp-content\/uploads\/2022\/07\/DSC01384-768x512.jpg","type":"","width":"","height":""}],"twitter_card":"summary_large_image","twitter_misc":{"Gesch\u00e4tzte Lesezeit":"1\u00a0Minute"},"schema":{"@context":"https:\/\/schema.org","@graph":[{"@type":"WebPage","@id":"https:\/\/sophia-tauber.de\/home\/","url":"https:\/\/sophia-tauber.de\/home\/","name":"Home - Sophia Tauber","isPartOf":{"@id":"https:\/\/sophia-tauber.de\/home\/#website"},"primaryImageOfPage":{"@id":"https:\/\/sophia-tauber.de\/home\/#primaryimage"},"image":{"@id":"https:\/\/sophia-tauber.de\/home\/#primaryimage"},"thumbnailUrl":"https:\/\/sophia-tauber.de\/wp-content\/uploads\/2022\/07\/DSC01384-768x512.jpg","datePublished":"2022-01-21T19:52:50+00:00","dateModified":"2023-09-08T11:56:47+00:00","breadcrumb":{"@id":"https:\/\/sophia-tauber.de\/home\/#breadcrumb"},"inLanguage":"de","potentialAction":[{"@type":"ReadAction","target":["https:\/\/sophia-tauber.de\/home\/"]}]},{"@type":"ImageObject","inLanguage":"de","@id":"https:\/\/sophia-tauber.de\/home\/#primaryimage","url":"https:\/\/sophia-tauber.de\/wp-content\/uploads\/2022\/07\/DSC01384-768x512.jpg","contentUrl":"https:\/\/sophia-tauber.de\/wp-content\/uploads\/2022\/07\/DSC01384-768x512.jpg"},{"@type":"BreadcrumbList","@id":"https:\/\/sophia-tauber.de\/home\/#breadcrumb","itemListElement":[{"@type":"ListItem","position":1,"name":"Startseite","item":"https:\/\/sophia-tauber.de\/home\/"},{"@type":"ListItem","position":2,"name":"Home"}]},{"@type":"WebSite","@id":"https:\/\/sophia-tauber.de\/home\/#website","url":"https:\/\/sophia-tauber.de\/home\/","name":"Sophia Tauber - Gemeinsam wachsen \u2013 verbunden bleiben","description":"Gemeinsam wachsen - verbunden bleiben","potentialAction":[{"@type":"SearchAction","target":{"@type":"EntryPoint","urlTemplate":"https:\/\/sophia-tauber.de\/home\/?s={search_term_string}"},"query-input":{"@type":"PropertyValueSpecification","valueRequired":true,"valueName":"search_term_string"}}],"inLanguage":"de"}]}},"_links":{"self":[{"href":"https:\/\/sophia-tauber.de\/home\/wp-json\/wp\/v2\/pages\/119","targetHints":{"allow":["GET"]}}],"collection":[{"href":"https:\/\/sophia-tauber.de\/home\/wp-json\/wp\/v2\/pages"}],"about":[{"href":"https:\/\/sophia-tauber.de\/home\/wp-json\/wp\/v2\/types\/page"}],"author":[{"embeddable":true,"href":"https:\/\/sophia-tauber.de\/home\/wp-json\/wp\/v2\/users\/1"}],"replies":[{"embeddable":true,"href":"https:\/\/sophia-tauber.de\/home\/wp-json\/wp\/v2\/comments?post=119"}],"version-history":[{"count":91,"href":"https:\/\/sophia-tauber.de\/home\/wp-json\/wp\/v2\/pages\/119\/revisions"}],"predecessor-version":[{"id":993,"href":"https:\/\/sophia-tauber.de\/home\/wp-json\/wp\/v2\/pages\/119\/revisions\/993"}],"wp:attachment":[{"href":"https:\/\/sophia-tauber.de\/home\/wp-json\/wp\/v2\/media?parent=119"}],"curies":[{"name":"wp","href":"https:\/\/api.w.org\/{rel}","templated":true}]}}