{"id":235,"date":"2022-05-22T14:32:17","date_gmt":"2022-05-22T13:32:17","guid":{"rendered":"http:\/\/site.sophia-tauber.de\/?page_id=235"},"modified":"2024-08-04T19:55:17","modified_gmt":"2024-08-04T18:55:17","slug":"artgerecht-treffen-und-coaching","status":"publish","type":"page","link":"https:\/\/sophia-tauber.de\/home\/artgerecht-treffen-und-coaching\/","title":{"rendered":"Offene artgerecht\u00ae Treffen"},"content":{"rendered":"\t\t<div data-elementor-type=\"wp-page\" data-elementor-id=\"235\" class=\"elementor elementor-235\">\n\t\t\t\t\t\t<section class=\"elementor-section elementor-top-section elementor-element elementor-element-4631a60 elementor-section-boxed elementor-section-height-default elementor-section-height-default\" data-id=\"4631a60\" data-element_type=\"section\" data-e-type=\"section\">\n\t\t\t\t\t\t<div class=\"elementor-container elementor-column-gap-default\">\n\t\t\t\t\t<div class=\"elementor-column elementor-col-100 elementor-top-column elementor-element elementor-element-c029a1f\" data-id=\"c029a1f\" data-element_type=\"column\" data-e-type=\"column\">\n\t\t\t<div class=\"elementor-widget-wrap elementor-element-populated\">\n\t\t\t\t\t\t<div class=\"elementor-element elementor-element-bb703bf elementor-widget elementor-widget-wp-widget-text\" data-id=\"bb703bf\" data-element_type=\"widget\" data-e-type=\"widget\" data-widget_type=\"wp-widget-text.default\">\n\t\t\t\t<div class=\"elementor-widget-container\">\n\t\t\t\t\t\t\t\t<div class=\"textwidget\"><p>Gerade das Kleinkindalter birgt viele Konfliktsituationen f\u00fcr die Familien. Das Kleinkind entwickelt sich von der Bindung zur Autonomie und bedarf gro\u00dfer Feinf\u00fchligkeit im Umgang. H\u00e4ufig fehlen uns bed\u00fcrfnisorientierte Vorbilder, wie wir unser Kind in dieser Phase gut begleiten k\u00f6nnen oder h\u00f6ren von au\u00dfen eher W\u00f6rter wie Konsequenz, Strenge und Autorit\u00e4t. Sehr gerne teile ich die Informationen des artgerecht\u00ae-Projektes und setze mich ein f\u00fcr eine Kommunikation die verbindet, anstatt Gr\u00e4ben zu schaffen. Bist du dabei?<\/p>\n<p><span style=\"text-align: center;color: #008000\"><strong>Offene artgerecht\u00ae Treffen Kleinkind<\/strong><\/span><\/p>\n<p>In den <span style=\"color: #008000\">offenen artgerecht\u00ae Treffen<\/span> er\u00f6ffne und moderiere ich euer imagin\u00e4res Lagerfeuer. In einer Runde Gleichgesinnter wird gesungen, \u00fcber die artgerecht Themen (essen, schlafen, trocken werden etc.) ausgetauscht, Fragen gestellt, Erfahrungen geteilt und ihr erhaltet fundierte Informationen zu den einzelnen Bereichen. Lasst uns Kind f\u00fcr Kind die Welt zu einem besseren Ort machen uns uns gegenseitig unterst\u00fctzen.<\/p>\n<p>Herzlich willkommen sind auch Schwangere, Partner, Gro\u00dfeltern und selbstverst\u00e4ndlich eure Kinder.<\/p>\n<p>&nbsp;<\/p>\n<\/div>\n\t\t\t\t\t\t<\/div>\n\t\t\t\t<\/div>\n\t\t\t\t\t<\/div>\n\t\t<\/div>\n\t\t\t\t\t<\/div>\n\t\t<\/section>\n\t\t\t\t<\/div>\n\t\t","protected":false},"excerpt":{"rendered":"","protected":false},"author":1,"featured_media":0,"parent":0,"menu_order":0,"comment_status":"closed","ping_status":"closed","template":"","meta":{"footnotes":""},"class_list":["post-235","page","type-page","status-publish","hentry"],"yoast_head":"<!-- This site is optimized with the Yoast SEO plugin v27.5 - https:\/\/yoast.com\/product\/yoast-seo-wordpress\/ -->\n<title>Offene artgerecht\u00ae Treffen - Sophia Tauber<\/title>\n<meta name=\"robots\" content=\"index, follow, max-snippet:-1, max-image-preview:large, max-video-preview:-1\" \/>\n<link rel=\"canonical\" href=\"https:\/\/sophia-tauber.de\/home\/artgerecht-treffen-und-coaching\/\" \/>\n<meta property=\"og:locale\" content=\"de_DE\" \/>\n<meta property=\"og:type\" content=\"article\" \/>\n<meta property=\"og:title\" content=\"Offene artgerecht\u00ae Treffen - Sophia Tauber\" \/>\n<meta property=\"og:url\" content=\"https:\/\/sophia-tauber.de\/home\/artgerecht-treffen-und-coaching\/\" \/>\n<meta property=\"og:site_name\" content=\"Sophia Tauber\" \/>\n<meta property=\"article:modified_time\" content=\"2024-08-04T18:55:17+00:00\" \/>\n<meta name=\"twitter:card\" content=\"summary_large_image\" \/>\n<script type=\"application\/ld+json\" class=\"yoast-schema-graph\">{\"@context\":\"https:\\\/\\\/schema.org\",\"@graph\":[{\"@type\":\"WebPage\",\"@id\":\"https:\\\/\\\/sophia-tauber.de\\\/home\\\/artgerecht-treffen-und-coaching\\\/\",\"url\":\"https:\\\/\\\/sophia-tauber.de\\\/home\\\/artgerecht-treffen-und-coaching\\\/\",\"name\":\"Offene artgerecht\u00ae Treffen - Sophia Tauber\",\"isPartOf\":{\"@id\":\"https:\\\/\\\/sophia-tauber.de\\\/home\\\/#website\"},\"datePublished\":\"2022-05-22T13:32:17+00:00\",\"dateModified\":\"2024-08-04T18:55:17+00:00\",\"breadcrumb\":{\"@id\":\"https:\\\/\\\/sophia-tauber.de\\\/home\\\/artgerecht-treffen-und-coaching\\\/#breadcrumb\"},\"inLanguage\":\"de\",\"potentialAction\":[{\"@type\":\"ReadAction\",\"target\":[\"https:\\\/\\\/sophia-tauber.de\\\/home\\\/artgerecht-treffen-und-coaching\\\/\"]}]},{\"@type\":\"BreadcrumbList\",\"@id\":\"https:\\\/\\\/sophia-tauber.de\\\/home\\\/artgerecht-treffen-und-coaching\\\/#breadcrumb\",\"itemListElement\":[{\"@type\":\"ListItem\",\"position\":1,\"name\":\"Startseite\",\"item\":\"https:\\\/\\\/sophia-tauber.de\\\/home\\\/\"},{\"@type\":\"ListItem\",\"position\":2,\"name\":\"Offene artgerecht\u00ae Treffen\"}]},{\"@type\":\"WebSite\",\"@id\":\"https:\\\/\\\/sophia-tauber.de\\\/home\\\/#website\",\"url\":\"https:\\\/\\\/sophia-tauber.de\\\/home\\\/\",\"name\":\"Sophia Tauber - Gemeinsam wachsen \u2013 verbunden bleiben\",\"description\":\"Gemeinsam wachsen - verbunden bleiben\",\"potentialAction\":[{\"@type\":\"SearchAction\",\"target\":{\"@type\":\"EntryPoint\",\"urlTemplate\":\"https:\\\/\\\/sophia-tauber.de\\\/home\\\/?s={search_term_string}\"},\"query-input\":{\"@type\":\"PropertyValueSpecification\",\"valueRequired\":true,\"valueName\":\"search_term_string\"}}],\"inLanguage\":\"de\"}]}<\/script>\n<!-- \/ Yoast SEO plugin. -->","yoast_head_json":{"title":"Offene artgerecht\u00ae Treffen - Sophia Tauber","robots":{"index":"index","follow":"follow","max-snippet":"max-snippet:-1","max-image-preview":"max-image-preview:large","max-video-preview":"max-video-preview:-1"},"canonical":"https:\/\/sophia-tauber.de\/home\/artgerecht-treffen-und-coaching\/","og_locale":"de_DE","og_type":"article","og_title":"Offene artgerecht\u00ae Treffen - Sophia Tauber","og_url":"https:\/\/sophia-tauber.de\/home\/artgerecht-treffen-und-coaching\/","og_site_name":"Sophia Tauber","article_modified_time":"2024-08-04T18:55:17+00:00","twitter_card":"summary_large_image","schema":{"@context":"https:\/\/schema.org","@graph":[{"@type":"WebPage","@id":"https:\/\/sophia-tauber.de\/home\/artgerecht-treffen-und-coaching\/","url":"https:\/\/sophia-tauber.de\/home\/artgerecht-treffen-und-coaching\/","name":"Offene artgerecht\u00ae Treffen - Sophia Tauber","isPartOf":{"@id":"https:\/\/sophia-tauber.de\/home\/#website"},"datePublished":"2022-05-22T13:32:17+00:00","dateModified":"2024-08-04T18:55:17+00:00","breadcrumb":{"@id":"https:\/\/sophia-tauber.de\/home\/artgerecht-treffen-und-coaching\/#breadcrumb"},"inLanguage":"de","potentialAction":[{"@type":"ReadAction","target":["https:\/\/sophia-tauber.de\/home\/artgerecht-treffen-und-coaching\/"]}]},{"@type":"BreadcrumbList","@id":"https:\/\/sophia-tauber.de\/home\/artgerecht-treffen-und-coaching\/#breadcrumb","itemListElement":[{"@type":"ListItem","position":1,"name":"Startseite","item":"https:\/\/sophia-tauber.de\/home\/"},{"@type":"ListItem","position":2,"name":"Offene artgerecht\u00ae Treffen"}]},{"@type":"WebSite","@id":"https:\/\/sophia-tauber.de\/home\/#website","url":"https:\/\/sophia-tauber.de\/home\/","name":"Sophia Tauber - Gemeinsam wachsen \u2013 verbunden bleiben","description":"Gemeinsam wachsen - verbunden bleiben","potentialAction":[{"@type":"SearchAction","target":{"@type":"EntryPoint","urlTemplate":"https:\/\/sophia-tauber.de\/home\/?s={search_term_string}"},"query-input":{"@type":"PropertyValueSpecification","valueRequired":true,"valueName":"search_term_string"}}],"inLanguage":"de"}]}},"_links":{"self":[{"href":"https:\/\/sophia-tauber.de\/home\/wp-json\/wp\/v2\/pages\/235","targetHints":{"allow":["GET"]}}],"collection":[{"href":"https:\/\/sophia-tauber.de\/home\/wp-json\/wp\/v2\/pages"}],"about":[{"href":"https:\/\/sophia-tauber.de\/home\/wp-json\/wp\/v2\/types\/page"}],"author":[{"embeddable":true,"href":"https:\/\/sophia-tauber.de\/home\/wp-json\/wp\/v2\/users\/1"}],"replies":[{"embeddable":true,"href":"https:\/\/sophia-tauber.de\/home\/wp-json\/wp\/v2\/comments?post=235"}],"version-history":[{"count":66,"href":"https:\/\/sophia-tauber.de\/home\/wp-json\/wp\/v2\/pages\/235\/revisions"}],"predecessor-version":[{"id":1193,"href":"https:\/\/sophia-tauber.de\/home\/wp-json\/wp\/v2\/pages\/235\/revisions\/1193"}],"wp:attachment":[{"href":"https:\/\/sophia-tauber.de\/home\/wp-json\/wp\/v2\/media?parent=235"}],"curies":[{"name":"wp","href":"https:\/\/api.w.org\/{rel}","templated":true}]}}