{"id":300,"date":"2022-07-11T14:05:05","date_gmt":"2022-07-11T13:05:05","guid":{"rendered":"http:\/\/site.sophia-tauber.de\/?page_id=300"},"modified":"2024-02-10T09:38:24","modified_gmt":"2024-02-10T08:38:24","slug":"coaching","status":"publish","type":"page","link":"https:\/\/sophia-tauber.de\/home\/coaching\/","title":{"rendered":"Coaching"},"content":{"rendered":"\t\t<div data-elementor-type=\"wp-page\" data-elementor-id=\"300\" class=\"elementor elementor-300\">\n\t\t\t\t\t\t<section class=\"elementor-section elementor-top-section elementor-element elementor-element-cbaba5a elementor-section-boxed elementor-section-height-default elementor-section-height-default\" data-id=\"cbaba5a\" data-element_type=\"section\" data-e-type=\"section\">\n\t\t\t\t\t\t<div class=\"elementor-container elementor-column-gap-default\">\n\t\t\t\t\t<div class=\"elementor-column elementor-col-100 elementor-top-column elementor-element elementor-element-ab7f77f\" data-id=\"ab7f77f\" data-element_type=\"column\" data-e-type=\"column\">\n\t\t\t<div class=\"elementor-widget-wrap elementor-element-populated\">\n\t\t\t\t\t\t<div class=\"elementor-element elementor-element-e5370ad elementor-widget elementor-widget-wp-widget-media_image\" data-id=\"e5370ad\" data-element_type=\"widget\" data-e-type=\"widget\" data-settings=\"{&quot;_animation&quot;:&quot;none&quot;}\" data-widget_type=\"wp-widget-media_image.default\">\n\t\t\t\t<div class=\"elementor-widget-container\">\n\t\t\t\t\t<img fetchpriority=\"high\" decoding=\"async\" width=\"600\" height=\"316\" src=\"https:\/\/sophia-tauber.de\/wp-content\/uploads\/2022\/09\/artgerechtCoach.100mm-768x404.jpg\" class=\"image wp-image-502  attachment-600x316 size-600x316\" alt=\"\" style=\"max-width: 100%; height: auto;\" srcset=\"https:\/\/sophia-tauber.de\/wp-content\/uploads\/2022\/09\/artgerechtCoach.100mm-768x404.jpg 768w, https:\/\/sophia-tauber.de\/wp-content\/uploads\/2022\/09\/artgerechtCoach.100mm-300x158.jpg 300w, https:\/\/sophia-tauber.de\/wp-content\/uploads\/2022\/09\/artgerechtCoach.100mm-1024x539.jpg 1024w, https:\/\/sophia-tauber.de\/wp-content\/uploads\/2022\/09\/artgerechtCoach.100mm-114x60.jpg 114w, https:\/\/sophia-tauber.de\/wp-content\/uploads\/2022\/09\/artgerechtCoach.100mm.jpg 1181w\" sizes=\"(max-width: 600px) 100vw, 600px\" \/>\t\t\t\t<\/div>\n\t\t\t\t<\/div>\n\t\t\t\t\t<\/div>\n\t\t<\/div>\n\t\t\t\t\t<\/div>\n\t\t<\/section>\n\t\t\t\t<section class=\"elementor-section elementor-top-section elementor-element elementor-element-69baec3 elementor-section-boxed elementor-section-height-default elementor-section-height-default\" data-id=\"69baec3\" data-element_type=\"section\" data-e-type=\"section\">\n\t\t\t\t\t\t<div class=\"elementor-container elementor-column-gap-default\">\n\t\t\t\t\t<div class=\"elementor-column elementor-col-100 elementor-top-column elementor-element elementor-element-6297830\" data-id=\"6297830\" data-element_type=\"column\" data-e-type=\"column\">\n\t\t\t<div class=\"elementor-widget-wrap elementor-element-populated\">\n\t\t\t\t\t\t<div class=\"elementor-element elementor-element-72c4a32 elementor-widget elementor-widget-wp-widget-text\" data-id=\"72c4a32\" data-element_type=\"widget\" data-e-type=\"widget\" data-widget_type=\"wp-widget-text.default\">\n\t\t\t\t<div class=\"elementor-widget-container\">\n\t\t\t\t\t\t\t\t<div class=\"textwidget\"><p>Gerne k\u00f6nnen wir auch in einem pers\u00f6nlichen Coaching deine Problemstellung oder Frage bez\u00fcglich des Aufwachsens deines Kleinkindes n\u00e4her betrachten und f\u00fcr dich einen geeigneten Umgang erarbeiten. Ich freue mich mit dir in Kontakt zu treten.<\/p>\n<\/div>\n\t\t\t\t\t\t<\/div>\n\t\t\t\t<\/div>\n\t\t\t\t<div class=\"elementor-element elementor-element-a6c79a4 elementor-widget elementor-widget-wp-widget-text\" data-id=\"a6c79a4\" data-element_type=\"widget\" data-e-type=\"widget\" data-widget_type=\"wp-widget-text.default\">\n\t\t\t\t<div class=\"elementor-widget-container\">\n\t\t\t\t\t\t\t\t<div class=\"textwidget\"><p><strong>Coaching Ablauf:<\/strong><\/p>\n<ul>\n<li>kostenloses telefonisches Kennenlerngespr\u00e4ch und Fallkl\u00e4rung (bis 30 Minuten)<\/li>\n<li>Coaching Sitzung (Dauer nach Bedarf)<\/li>\n<li>Abschlussgespr\u00e4ch (bis 30 Minuten)<\/li>\n<li>Protokoll per Mail<\/li>\n<\/ul>\n<p><strong>Pers\u00f6nliches Coaching<\/strong>: 50 Euro pro Stunde<\/p>\n<p><strong>Coaching via Zoom<\/strong>: 45 Euro pro Stunde<\/p>\n<p>Alle angegebenen Preise sind Endpreise. Aufgrund des Status als Kleinunternehmer nach \u00a719 UStG erhebe ich keine Umsatzsteuer und weise dies daher auch nicht aus.<\/p>\n<\/div>\n\t\t\t\t\t\t<\/div>\n\t\t\t\t<\/div>\n\t\t\t\t\t<\/div>\n\t\t<\/div>\n\t\t\t\t\t<\/div>\n\t\t<\/section>\n\t\t\t\t<section class=\"elementor-section elementor-top-section elementor-element elementor-element-2b201e1 elementor-section-boxed elementor-section-height-default elementor-section-height-default\" data-id=\"2b201e1\" data-element_type=\"section\" data-e-type=\"section\">\n\t\t\t\t\t\t<div class=\"elementor-container elementor-column-gap-default\">\n\t\t\t\t\t<div class=\"elementor-column elementor-col-25 elementor-top-column elementor-element elementor-element-8494d9d\" data-id=\"8494d9d\" data-element_type=\"column\" data-e-type=\"column\">\n\t\t\t<div class=\"elementor-widget-wrap elementor-element-populated\">\n\t\t\t\t\t\t<div class=\"elementor-element elementor-element-bb1e591 elementor-view-default elementor-widget elementor-widget-icon\" data-id=\"bb1e591\" data-element_type=\"widget\" data-e-type=\"widget\" data-widget_type=\"icon.default\">\n\t\t\t\t<div class=\"elementor-widget-container\">\n\t\t\t\t\t\t\t<div class=\"elementor-icon-wrapper\">\n\t\t\t<div class=\"elementor-icon\">\n\t\t\t<i aria-hidden=\"true\" class=\"fas fa-baby\"><\/i>\t\t\t<\/div>\n\t\t<\/div>\n\t\t\t\t\t\t<\/div>\n\t\t\t\t<\/div>\n\t\t\t\t<div class=\"elementor-element elementor-element-8eb6259 elementor-widget elementor-widget-wp-widget-text\" data-id=\"8eb6259\" data-element_type=\"widget\" data-e-type=\"widget\" data-widget_type=\"wp-widget-text.default\">\n\t\t\t\t<div class=\"elementor-widget-container\">\n\t\t\t\t\t\t\t\t<div class=\"textwidget\"><p style=\"text-align:center\"><strong>Windelfrei:<\/strong><\/p>\n<p>Du hast schon einmal von Windelfrei geh\u00f6rt und suchst n\u00e4here Informationen, wie du dies zu Hause mit deinem Baby oder Kleinkind ganz praktisch umsetzten kannst?<\/p>\n<p style=\"text-align:center\"><strong>Windelfrei \u00dc2:<\/strong><\/p>\n<p>Du suchst einen bindungsorientierten Weg, gemeinsam mit deinem Kind den Weg zum Trockenwerden zu beschreiten?<\/p>\n<p>Einn\u00e4ssen oder Verstopfungen:<\/p>\n<p>Dein Kind h\u00e4lt den Stuhl ein oder n\u00e4sst \u00f6fter ins Bett. Was steckt dahinter?<\/p>\n<\/div>\n\t\t\t\t\t\t<\/div>\n\t\t\t\t<\/div>\n\t\t\t\t\t<\/div>\n\t\t<\/div>\n\t\t\t\t<div class=\"elementor-column elementor-col-25 elementor-top-column elementor-element elementor-element-d0eecbb\" data-id=\"d0eecbb\" data-element_type=\"column\" data-e-type=\"column\">\n\t\t\t<div class=\"elementor-widget-wrap elementor-element-populated\">\n\t\t\t\t\t\t<div class=\"elementor-element elementor-element-9bad8c4 elementor-view-default elementor-widget elementor-widget-icon\" data-id=\"9bad8c4\" data-element_type=\"widget\" data-e-type=\"widget\" data-widget_type=\"icon.default\">\n\t\t\t\t<div class=\"elementor-widget-container\">\n\t\t\t\t\t\t\t<div class=\"elementor-icon-wrapper\">\n\t\t\t<div class=\"elementor-icon\">\n\t\t\t<i aria-hidden=\"true\" class=\"fas fa-utensils\"><\/i>\t\t\t<\/div>\n\t\t<\/div>\n\t\t\t\t\t\t<\/div>\n\t\t\t\t<\/div>\n\t\t\t\t<div class=\"elementor-element elementor-element-66eca69 elementor-widget elementor-widget-wp-widget-text\" data-id=\"66eca69\" data-element_type=\"widget\" data-e-type=\"widget\" data-widget_type=\"wp-widget-text.default\">\n\t\t\t\t<div class=\"elementor-widget-container\">\n\t\t\t\t\t\t\t\t<div class=\"textwidget\"><p style=\"text-align:center\"><strong>Essen:<\/strong><\/p>\n<p>Ihr habt regelm\u00e4\u00dfig Frust am Familientisch und sucht nach einem entspannten Weg des gemeinsamen Essens?<\/p>\n<\/div>\n\t\t\t\t\t\t<\/div>\n\t\t\t\t<\/div>\n\t\t\t\t\t<\/div>\n\t\t<\/div>\n\t\t\t\t<div class=\"elementor-column elementor-col-25 elementor-top-column elementor-element elementor-element-6e41b30\" data-id=\"6e41b30\" data-element_type=\"column\" data-e-type=\"column\">\n\t\t\t<div class=\"elementor-widget-wrap elementor-element-populated\">\n\t\t\t\t\t\t<div class=\"elementor-element elementor-element-a8f4173 elementor-view-default elementor-widget elementor-widget-icon\" data-id=\"a8f4173\" data-element_type=\"widget\" data-e-type=\"widget\" data-widget_type=\"icon.default\">\n\t\t\t\t<div class=\"elementor-widget-container\">\n\t\t\t\t\t\t\t<div class=\"elementor-icon-wrapper\">\n\t\t\t<div class=\"elementor-icon\">\n\t\t\t<i aria-hidden=\"true\" class=\"fas fa-hand-holding-heart\"><\/i>\t\t\t<\/div>\n\t\t<\/div>\n\t\t\t\t\t\t<\/div>\n\t\t\t\t<\/div>\n\t\t\t\t<div class=\"elementor-element elementor-element-999b3d0 elementor-widget elementor-widget-wp-widget-text\" data-id=\"999b3d0\" data-element_type=\"widget\" data-e-type=\"widget\" data-widget_type=\"wp-widget-text.default\">\n\t\t\t\t<div class=\"elementor-widget-container\">\n\t\t\t\t\t\t\t\t<div class=\"textwidget\"><p style=\"text-align:center\"><strong>Autonomiephase:<\/strong><\/p>\n<p>Dein Kind kann so richtig w\u00fctend sein, sodass bei dir alle Alarmglocken klingeln?<\/p>\n<\/div>\n\t\t\t\t\t\t<\/div>\n\t\t\t\t<\/div>\n\t\t\t\t\t<\/div>\n\t\t<\/div>\n\t\t\t\t<div class=\"elementor-column elementor-col-25 elementor-top-column elementor-element elementor-element-befc443\" data-id=\"befc443\" data-element_type=\"column\" data-e-type=\"column\">\n\t\t\t<div class=\"elementor-widget-wrap elementor-element-populated\">\n\t\t\t\t\t\t<div class=\"elementor-element elementor-element-866c6a2 elementor-view-default elementor-widget elementor-widget-icon\" data-id=\"866c6a2\" data-element_type=\"widget\" data-e-type=\"widget\" data-widget_type=\"icon.default\">\n\t\t\t\t<div class=\"elementor-widget-container\">\n\t\t\t\t\t\t\t<div class=\"elementor-icon-wrapper\">\n\t\t\t<div class=\"elementor-icon\">\n\t\t\t<i aria-hidden=\"true\" class=\"fas fa-bed\"><\/i>\t\t\t<\/div>\n\t\t<\/div>\n\t\t\t\t\t\t<\/div>\n\t\t\t\t<\/div>\n\t\t\t\t<div class=\"elementor-element elementor-element-923b9bf elementor-widget elementor-widget-wp-widget-text\" data-id=\"923b9bf\" data-element_type=\"widget\" data-e-type=\"widget\" data-widget_type=\"wp-widget-text.default\">\n\t\t\t\t<div class=\"elementor-widget-container\">\n\t\t\t\t\t\t\t\t<div class=\"textwidget\"><p style=\"text-align:center\"><strong>Schlafen:<\/strong><\/p>\n<p>Dein Kind braucht sehr lange zum Einschlafen, kennt nur eine Schlafbr\u00fccke oder stillt die ganze Nacht?<\/p>\n<\/div>\n\t\t\t\t\t\t<\/div>\n\t\t\t\t<\/div>\n\t\t\t\t\t<\/div>\n\t\t<\/div>\n\t\t\t\t\t<\/div>\n\t\t<\/section>\n\t\t\t\t<section class=\"elementor-section elementor-top-section elementor-element elementor-element-c4213c5 elementor-section-boxed elementor-section-height-default elementor-section-height-default\" data-id=\"c4213c5\" data-element_type=\"section\" data-e-type=\"section\">\n\t\t\t\t\t\t<div class=\"elementor-container elementor-column-gap-default\">\n\t\t\t\t\t<div class=\"elementor-column elementor-col-100 elementor-top-column elementor-element elementor-element-ed0fa51\" data-id=\"ed0fa51\" data-element_type=\"column\" data-e-type=\"column\">\n\t\t\t<div class=\"elementor-widget-wrap elementor-element-populated\">\n\t\t\t\t\t\t<div class=\"elementor-element elementor-element-874d41c elementor-align-center elementor-widget elementor-widget-button\" data-id=\"874d41c\" data-element_type=\"widget\" data-e-type=\"widget\" data-widget_type=\"button.default\">\n\t\t\t\t<div class=\"elementor-widget-container\">\n\t\t\t\t\t\t\t\t\t<div class=\"elementor-button-wrapper\">\n\t\t\t\t\t<a class=\"elementor-button elementor-button-link elementor-size-sm\" href=\"https:\/\/sophia-tauber.de\/kontakt\/\">\n\t\t\t\t\t\t<span class=\"elementor-button-content-wrapper\">\n\t\t\t\t\t\t\t\t\t<span class=\"elementor-button-text\">Kontakt<\/span>\n\t\t\t\t\t<\/span>\n\t\t\t\t\t<\/a>\n\t\t\t\t<\/div>\n\t\t\t\t\t\t\t\t<\/div>\n\t\t\t\t<\/div>\n\t\t\t\t\t<\/div>\n\t\t<\/div>\n\t\t\t\t\t<\/div>\n\t\t<\/section>\n\t\t\t\t<\/div>\n\t\t","protected":false},"excerpt":{"rendered":"<p>Kontakt<\/p>\n","protected":false},"author":1,"featured_media":0,"parent":0,"menu_order":0,"comment_status":"closed","ping_status":"closed","template":"","meta":{"footnotes":""},"class_list":["post-300","page","type-page","status-publish","hentry"],"yoast_head":"<!-- This site is optimized with the Yoast SEO plugin v27.4 - https:\/\/yoast.com\/product\/yoast-seo-wordpress\/ -->\n<title>Coaching - Sophia Tauber<\/title>\n<meta name=\"robots\" content=\"index, follow, max-snippet:-1, max-image-preview:large, max-video-preview:-1\" \/>\n<link rel=\"canonical\" href=\"https:\/\/sophia-tauber.de\/home\/coaching\/\" \/>\n<meta property=\"og:locale\" content=\"de_DE\" \/>\n<meta property=\"og:type\" content=\"article\" \/>\n<meta property=\"og:title\" content=\"Coaching - Sophia Tauber\" \/>\n<meta property=\"og:description\" content=\"Kontakt\" \/>\n<meta property=\"og:url\" content=\"https:\/\/sophia-tauber.de\/home\/coaching\/\" \/>\n<meta property=\"og:site_name\" content=\"Sophia Tauber\" \/>\n<meta property=\"article:modified_time\" content=\"2024-02-10T08:38:24+00:00\" \/>\n<meta name=\"twitter:card\" content=\"summary_large_image\" \/>\n<meta name=\"twitter:label1\" content=\"Gesch\u00e4tzte Lesezeit\" \/>\n\t<meta name=\"twitter:data1\" content=\"2\u00a0Minuten\" \/>\n<script type=\"application\/ld+json\" class=\"yoast-schema-graph\">{\"@context\":\"https:\\\/\\\/schema.org\",\"@graph\":[{\"@type\":\"WebPage\",\"@id\":\"https:\\\/\\\/sophia-tauber.de\\\/home\\\/coaching\\\/\",\"url\":\"https:\\\/\\\/sophia-tauber.de\\\/home\\\/coaching\\\/\",\"name\":\"Coaching - Sophia Tauber\",\"isPartOf\":{\"@id\":\"https:\\\/\\\/sophia-tauber.de\\\/home\\\/#website\"},\"datePublished\":\"2022-07-11T13:05:05+00:00\",\"dateModified\":\"2024-02-10T08:38:24+00:00\",\"breadcrumb\":{\"@id\":\"https:\\\/\\\/sophia-tauber.de\\\/home\\\/coaching\\\/#breadcrumb\"},\"inLanguage\":\"de\",\"potentialAction\":[{\"@type\":\"ReadAction\",\"target\":[\"https:\\\/\\\/sophia-tauber.de\\\/home\\\/coaching\\\/\"]}]},{\"@type\":\"BreadcrumbList\",\"@id\":\"https:\\\/\\\/sophia-tauber.de\\\/home\\\/coaching\\\/#breadcrumb\",\"itemListElement\":[{\"@type\":\"ListItem\",\"position\":1,\"name\":\"Startseite\",\"item\":\"https:\\\/\\\/sophia-tauber.de\\\/home\\\/\"},{\"@type\":\"ListItem\",\"position\":2,\"name\":\"Coaching\"}]},{\"@type\":\"WebSite\",\"@id\":\"https:\\\/\\\/sophia-tauber.de\\\/home\\\/#website\",\"url\":\"https:\\\/\\\/sophia-tauber.de\\\/home\\\/\",\"name\":\"Sophia Tauber - Gemeinsam wachsen \u2013 verbunden bleiben\",\"description\":\"Gemeinsam wachsen - verbunden bleiben\",\"potentialAction\":[{\"@type\":\"SearchAction\",\"target\":{\"@type\":\"EntryPoint\",\"urlTemplate\":\"https:\\\/\\\/sophia-tauber.de\\\/home\\\/?s={search_term_string}\"},\"query-input\":{\"@type\":\"PropertyValueSpecification\",\"valueRequired\":true,\"valueName\":\"search_term_string\"}}],\"inLanguage\":\"de\"}]}<\/script>\n<!-- \/ Yoast SEO plugin. -->","yoast_head_json":{"title":"Coaching - Sophia Tauber","robots":{"index":"index","follow":"follow","max-snippet":"max-snippet:-1","max-image-preview":"max-image-preview:large","max-video-preview":"max-video-preview:-1"},"canonical":"https:\/\/sophia-tauber.de\/home\/coaching\/","og_locale":"de_DE","og_type":"article","og_title":"Coaching - Sophia Tauber","og_description":"Kontakt","og_url":"https:\/\/sophia-tauber.de\/home\/coaching\/","og_site_name":"Sophia Tauber","article_modified_time":"2024-02-10T08:38:24+00:00","twitter_card":"summary_large_image","twitter_misc":{"Gesch\u00e4tzte Lesezeit":"2\u00a0Minuten"},"schema":{"@context":"https:\/\/schema.org","@graph":[{"@type":"WebPage","@id":"https:\/\/sophia-tauber.de\/home\/coaching\/","url":"https:\/\/sophia-tauber.de\/home\/coaching\/","name":"Coaching - Sophia Tauber","isPartOf":{"@id":"https:\/\/sophia-tauber.de\/home\/#website"},"datePublished":"2022-07-11T13:05:05+00:00","dateModified":"2024-02-10T08:38:24+00:00","breadcrumb":{"@id":"https:\/\/sophia-tauber.de\/home\/coaching\/#breadcrumb"},"inLanguage":"de","potentialAction":[{"@type":"ReadAction","target":["https:\/\/sophia-tauber.de\/home\/coaching\/"]}]},{"@type":"BreadcrumbList","@id":"https:\/\/sophia-tauber.de\/home\/coaching\/#breadcrumb","itemListElement":[{"@type":"ListItem","position":1,"name":"Startseite","item":"https:\/\/sophia-tauber.de\/home\/"},{"@type":"ListItem","position":2,"name":"Coaching"}]},{"@type":"WebSite","@id":"https:\/\/sophia-tauber.de\/home\/#website","url":"https:\/\/sophia-tauber.de\/home\/","name":"Sophia Tauber - Gemeinsam wachsen \u2013 verbunden bleiben","description":"Gemeinsam wachsen - verbunden bleiben","potentialAction":[{"@type":"SearchAction","target":{"@type":"EntryPoint","urlTemplate":"https:\/\/sophia-tauber.de\/home\/?s={search_term_string}"},"query-input":{"@type":"PropertyValueSpecification","valueRequired":true,"valueName":"search_term_string"}}],"inLanguage":"de"}]}},"_links":{"self":[{"href":"https:\/\/sophia-tauber.de\/home\/wp-json\/wp\/v2\/pages\/300","targetHints":{"allow":["GET"]}}],"collection":[{"href":"https:\/\/sophia-tauber.de\/home\/wp-json\/wp\/v2\/pages"}],"about":[{"href":"https:\/\/sophia-tauber.de\/home\/wp-json\/wp\/v2\/types\/page"}],"author":[{"embeddable":true,"href":"https:\/\/sophia-tauber.de\/home\/wp-json\/wp\/v2\/users\/1"}],"replies":[{"embeddable":true,"href":"https:\/\/sophia-tauber.de\/home\/wp-json\/wp\/v2\/comments?post=300"}],"version-history":[{"count":47,"href":"https:\/\/sophia-tauber.de\/home\/wp-json\/wp\/v2\/pages\/300\/revisions"}],"predecessor-version":[{"id":1043,"href":"https:\/\/sophia-tauber.de\/home\/wp-json\/wp\/v2\/pages\/300\/revisions\/1043"}],"wp:attachment":[{"href":"https:\/\/sophia-tauber.de\/home\/wp-json\/wp\/v2\/media?parent=300"}],"curies":[{"name":"wp","href":"https:\/\/api.w.org\/{rel}","templated":true}]}}