{"id":68,"date":"2021-08-23T22:02:16","date_gmt":"2021-08-23T21:02:16","guid":{"rendered":"http:\/\/sophia-tauber.de\/?page_id=68"},"modified":"2023-02-11T21:43:41","modified_gmt":"2023-02-11T20:43:41","slug":"wer-bin-ich","status":"publish","type":"page","link":"https:\/\/sophia-tauber.de\/home\/wer-bin-ich\/","title":{"rendered":"Wer bin ich?"},"content":{"rendered":"\t\t<div data-elementor-type=\"wp-page\" data-elementor-id=\"68\" class=\"elementor elementor-68\">\n\t\t\t\t\t\t<section class=\"elementor-section elementor-top-section elementor-element elementor-element-dee7475 elementor-section-boxed elementor-section-height-default elementor-section-height-default\" data-id=\"dee7475\" data-element_type=\"section\" data-e-type=\"section\">\n\t\t\t\t\t\t<div class=\"elementor-container elementor-column-gap-default\">\n\t\t\t\t\t<div class=\"elementor-column elementor-col-100 elementor-top-column elementor-element elementor-element-424f1a0\" data-id=\"424f1a0\" data-element_type=\"column\" data-e-type=\"column\">\n\t\t\t<div class=\"elementor-widget-wrap elementor-element-populated\">\n\t\t\t\t\t\t<div class=\"elementor-element elementor-element-493be63 elementor-widget elementor-widget-image\" data-id=\"493be63\" data-element_type=\"widget\" data-e-type=\"widget\" data-widget_type=\"image.default\">\n\t\t\t\t<div class=\"elementor-widget-container\">\n\t\t\t\t\t\t\t\t\t\t\t\t\t\t\t<img fetchpriority=\"high\" decoding=\"async\" width=\"768\" height=\"512\" src=\"https:\/\/sophia-tauber.de\/wp-content\/uploads\/2022\/07\/DSC01544-768x512.jpg\" class=\"attachment-medium_large size-medium_large wp-image-275\" alt=\"\" srcset=\"https:\/\/sophia-tauber.de\/wp-content\/uploads\/2022\/07\/DSC01544-768x512.jpg 768w, https:\/\/sophia-tauber.de\/wp-content\/uploads\/2022\/07\/DSC01544-300x200.jpg 300w, https:\/\/sophia-tauber.de\/wp-content\/uploads\/2022\/07\/DSC01544-1024x683.jpg 1024w, https:\/\/sophia-tauber.de\/wp-content\/uploads\/2022\/07\/DSC01544-1536x1024.jpg 1536w, https:\/\/sophia-tauber.de\/wp-content\/uploads\/2022\/07\/DSC01544-2048x1365.jpg 2048w, https:\/\/sophia-tauber.de\/wp-content\/uploads\/2022\/07\/DSC01544-450x300.jpg 450w, https:\/\/sophia-tauber.de\/wp-content\/uploads\/2022\/07\/DSC01544-90x60.jpg 90w\" sizes=\"(max-width: 768px) 100vw, 768px\" \/>\t\t\t\t\t\t\t\t\t\t\t\t\t\t\t<\/div>\n\t\t\t\t<\/div>\n\t\t\t\t\t<\/div>\n\t\t<\/div>\n\t\t\t\t\t<\/div>\n\t\t<\/section>\n\t\t\t\t<section class=\"elementor-section elementor-top-section elementor-element elementor-element-c5f7614 elementor-section-boxed elementor-section-height-default elementor-section-height-default\" data-id=\"c5f7614\" data-element_type=\"section\" data-e-type=\"section\">\n\t\t\t\t\t\t<div class=\"elementor-container elementor-column-gap-default\">\n\t\t\t\t\t<div class=\"elementor-column elementor-col-100 elementor-top-column elementor-element elementor-element-7634f03\" data-id=\"7634f03\" data-element_type=\"column\" data-e-type=\"column\">\n\t\t\t<div class=\"elementor-widget-wrap elementor-element-populated\">\n\t\t\t\t\t\t<div class=\"elementor-element elementor-element-597470f elementor-widget elementor-widget-wp-widget-text\" data-id=\"597470f\" data-element_type=\"widget\" data-e-type=\"widget\" data-widget_type=\"wp-widget-text.default\">\n\t\t\t\t<div class=\"elementor-widget-container\">\n\t\t\t\t\t\t\t\t<div class=\"textwidget\"><p>Auf dem Papier ist mein Beruf Sonderp\u00e4dagogin, meine Berufung ist es m\u00f6glichst vielen Kindern und Erwachsenen Erfahrungen mit und in der Natur zu erm\u00f6glichen und in sich hineinzuf\u00fchlen. Sinnliche Eindr\u00fccke, der Wechsel der Jahreszeiten und das tiefe Gef\u00fchl der Verbundenheit mit der Erde leiten meine Arbeit. Die verschiedenen Stationen in meinem Leben haben ihre Eindr\u00fccke hinterlassen:<\/p>\n<ul>\n<li>die Menschen des Cheyenne River Reservates, mit denen ich arbeiten durfte und die mich in ihre Zeremonien aufnahmen<\/li>\n<li>die vielen Sch\u00fcler, die ich in der Schule und der Erwachsenenbildung begegnen durfte und die mir aufzeigten, wie lernen wirklich funktioniert und Spa\u00df machen kann<\/li>\n<li>meine eigenen beiden Kinder, die mir so viel \u00fcber mich und den Wert des Menschen aufzeigen<\/li>\n<li>meine Arbeit auf dem Bauernhofkindergarten, die mich der Mutter Erde noch ein St\u00fcck n\u00e4herbrachte und all die Sch\u00f6nheit lieben lernte<\/li>\n<li>die Praxis der Achtsamkeit, all das Sch\u00f6ne um uns herum wahrzunehmen und tief im Inneren zu verankern<\/li>\n<\/ul>\n<p><strong>Ich selbst bin Suchende und freue mich \u00fcber alle Menschen, die sich inspiriert f\u00fchlen diesen Weg mitzugehen und am gemeinsamen Lernen interssiert sind. <\/strong><\/p>\n<div><span style=\"color: #008000\"><strong>Ich bin ein Fan von:<\/strong><\/span> Thich Nhat Hanh, Gerald H\u00fcther, Nutella Crep und Pferden<\/div>\n<div><span style=\"color: #008000\"><strong>Meine Vision f\u00fcr die Welt:<\/strong><\/span> Dass wir Menschen uns wieder mehr mit der Natur und uns selbst verbinden, um eine friedvollere Zukunft zu gestalten. Dass Kinder als gleichwertige Menschen gesehen werden, denen wir auf Augenh\u00f6he begegnen k\u00f6nnen.<\/span><\/div>\n<div><span style=\"color: #008000\"><strong>An welchem Ort f\u00fchle ich mich wohl:<\/strong><\/span> In meinem Garten, in den Bergen und im Wald. Dort wo man tief durchatmen und den V\u00f6geln lauschen kann. Hier tanke ich auf.<\/span><\/div>\n<\/div>\n\t\t\t\t\t\t<\/div>\n\t\t\t\t<\/div>\n\t\t\t\t\t<\/div>\n\t\t<\/div>\n\t\t\t\t\t<\/div>\n\t\t<\/section>\n\t\t\t\t<section class=\"elementor-section elementor-top-section elementor-element elementor-element-9614aaa elementor-section-boxed elementor-section-height-default elementor-section-height-default\" data-id=\"9614aaa\" data-element_type=\"section\" data-e-type=\"section\">\n\t\t\t\t\t\t<div class=\"elementor-container elementor-column-gap-default\">\n\t\t\t\t\t<div class=\"elementor-column elementor-col-100 elementor-top-column elementor-element elementor-element-1157e8c\" data-id=\"1157e8c\" data-element_type=\"column\" data-e-type=\"column\">\n\t\t\t<div class=\"elementor-widget-wrap elementor-element-populated\">\n\t\t\t\t\t\t<div class=\"elementor-element elementor-element-7fe54a3 elementor-widget-divider--separator-type-pattern elementor-widget-divider--view-line elementor-widget elementor-widget-divider\" data-id=\"7fe54a3\" data-element_type=\"widget\" data-e-type=\"widget\" data-widget_type=\"divider.default\">\n\t\t\t\t<div class=\"elementor-widget-container\">\n\t\t\t\t\t\t\t<div class=\"elementor-divider\" style=\"--divider-pattern-url: url(&quot;data:image\/svg+xml,%3Csvg xmlns=&#039;http:\/\/www.w3.org\/2000\/svg&#039; preserveAspectRatio=&#039;none&#039; overflow=&#039;visible&#039; height=&#039;100%&#039; viewBox=&#039;0 0 24 24&#039; fill=&#039;none&#039; stroke=&#039;black&#039; stroke-width=&#039;1&#039; stroke-linecap=&#039;square&#039; stroke-miterlimit=&#039;10&#039;%3E%3Cpath d=&#039;M0,21c3.3,0,8.3-0.9,15.7-7.1c6.6-5.4,4.4-9.3,2.4-10.3c-3.4-1.8-7.7,1.3-7.3,8.8C11.2,20,17.1,21,24,21&#039;\/%3E%3C\/svg%3E&quot;);\">\n\t\t\t<span class=\"elementor-divider-separator\">\n\t\t\t\t\t\t<\/span>\n\t\t<\/div>\n\t\t\t\t\t\t<\/div>\n\t\t\t\t<\/div>\n\t\t\t\t\t<\/div>\n\t\t<\/div>\n\t\t\t\t\t<\/div>\n\t\t<\/section>\n\t\t\t\t<section class=\"elementor-section elementor-top-section elementor-element elementor-element-2629a6a elementor-section-boxed elementor-section-height-default elementor-section-height-default\" data-id=\"2629a6a\" data-element_type=\"section\" data-e-type=\"section\">\n\t\t\t\t\t\t<div class=\"elementor-container elementor-column-gap-default\">\n\t\t\t\t\t<div class=\"elementor-column elementor-col-100 elementor-top-column elementor-element elementor-element-9b9d99f\" data-id=\"9b9d99f\" data-element_type=\"column\" data-e-type=\"column\">\n\t\t\t<div class=\"elementor-widget-wrap elementor-element-populated\">\n\t\t\t\t\t\t<div class=\"elementor-element elementor-element-b2113b3 elementor-widget elementor-widget-wp-widget-text\" data-id=\"b2113b3\" data-element_type=\"widget\" data-e-type=\"widget\" data-widget_type=\"wp-widget-text.default\">\n\t\t\t\t<div class=\"elementor-widget-container\">\n\t\t\t\t\t\t\t\t<div class=\"textwidget\"><p><span style=\"color: #008000\"><strong>Qualifikationen u.a. :<\/span><\/strong><\/p>\n<ul>\n<li>Weiterbildung &#8222;Mit Kindern wachsen-Elternkompass&#8220;<\/li>\n<li>Artgerecht Kleinkind-Coach<\/li>\n<li>Windelfrei-Coach und Windelfrei \u00dc2 nach artgerecht<\/li>\n<li>diverse Fortbildungen zu den Themen Achtsamkeit im Wald und Leitung von Kindergruppen im Wald<\/li>\n<\/ul>\n<\/div>\n\t\t\t\t\t\t<\/div>\n\t\t\t\t<\/div>\n\t\t\t\t\t<\/div>\n\t\t<\/div>\n\t\t\t\t\t<\/div>\n\t\t<\/section>\n\t\t\t\t<\/div>\n\t\t","protected":false},"excerpt":{"rendered":"","protected":false},"author":1,"featured_media":0,"parent":0,"menu_order":0,"comment_status":"closed","ping_status":"closed","template":"","meta":{"footnotes":""},"class_list":["post-68","page","type-page","status-publish","hentry"],"yoast_head":"<!-- This site is optimized with the Yoast SEO plugin v27.5 - https:\/\/yoast.com\/product\/yoast-seo-wordpress\/ -->\n<title>Wer bin ich? - Sophia Tauber<\/title>\n<meta name=\"robots\" content=\"index, follow, max-snippet:-1, max-image-preview:large, max-video-preview:-1\" \/>\n<link rel=\"canonical\" href=\"https:\/\/sophia-tauber.de\/home\/wer-bin-ich\/\" \/>\n<meta property=\"og:locale\" content=\"de_DE\" \/>\n<meta property=\"og:type\" content=\"article\" \/>\n<meta property=\"og:title\" content=\"Wer bin ich? - Sophia Tauber\" \/>\n<meta property=\"og:url\" content=\"https:\/\/sophia-tauber.de\/home\/wer-bin-ich\/\" \/>\n<meta property=\"og:site_name\" content=\"Sophia Tauber\" \/>\n<meta property=\"article:modified_time\" content=\"2023-02-11T20:43:41+00:00\" \/>\n<meta property=\"og:image\" content=\"http:\/\/site.sophia-tauber.de\/wp-content\/uploads\/2022\/07\/DSC01544-768x512.jpg\" \/>\n<meta name=\"twitter:card\" content=\"summary_large_image\" \/>\n<script type=\"application\/ld+json\" class=\"yoast-schema-graph\">{\"@context\":\"https:\\\/\\\/schema.org\",\"@graph\":[{\"@type\":\"WebPage\",\"@id\":\"https:\\\/\\\/sophia-tauber.de\\\/home\\\/wer-bin-ich\\\/\",\"url\":\"https:\\\/\\\/sophia-tauber.de\\\/home\\\/wer-bin-ich\\\/\",\"name\":\"Wer bin ich? - Sophia Tauber\",\"isPartOf\":{\"@id\":\"https:\\\/\\\/sophia-tauber.de\\\/home\\\/#website\"},\"primaryImageOfPage\":{\"@id\":\"https:\\\/\\\/sophia-tauber.de\\\/home\\\/wer-bin-ich\\\/#primaryimage\"},\"image\":{\"@id\":\"https:\\\/\\\/sophia-tauber.de\\\/home\\\/wer-bin-ich\\\/#primaryimage\"},\"thumbnailUrl\":\"http:\\\/\\\/site.sophia-tauber.de\\\/wp-content\\\/uploads\\\/2022\\\/07\\\/DSC01544-768x512.jpg\",\"datePublished\":\"2021-08-23T21:02:16+00:00\",\"dateModified\":\"2023-02-11T20:43:41+00:00\",\"breadcrumb\":{\"@id\":\"https:\\\/\\\/sophia-tauber.de\\\/home\\\/wer-bin-ich\\\/#breadcrumb\"},\"inLanguage\":\"de\",\"potentialAction\":[{\"@type\":\"ReadAction\",\"target\":[\"https:\\\/\\\/sophia-tauber.de\\\/home\\\/wer-bin-ich\\\/\"]}]},{\"@type\":\"ImageObject\",\"inLanguage\":\"de\",\"@id\":\"https:\\\/\\\/sophia-tauber.de\\\/home\\\/wer-bin-ich\\\/#primaryimage\",\"url\":\"http:\\\/\\\/site.sophia-tauber.de\\\/wp-content\\\/uploads\\\/2022\\\/07\\\/DSC01544-768x512.jpg\",\"contentUrl\":\"http:\\\/\\\/site.sophia-tauber.de\\\/wp-content\\\/uploads\\\/2022\\\/07\\\/DSC01544-768x512.jpg\"},{\"@type\":\"BreadcrumbList\",\"@id\":\"https:\\\/\\\/sophia-tauber.de\\\/home\\\/wer-bin-ich\\\/#breadcrumb\",\"itemListElement\":[{\"@type\":\"ListItem\",\"position\":1,\"name\":\"Startseite\",\"item\":\"https:\\\/\\\/sophia-tauber.de\\\/home\\\/\"},{\"@type\":\"ListItem\",\"position\":2,\"name\":\"Wer bin ich?\"}]},{\"@type\":\"WebSite\",\"@id\":\"https:\\\/\\\/sophia-tauber.de\\\/home\\\/#website\",\"url\":\"https:\\\/\\\/sophia-tauber.de\\\/home\\\/\",\"name\":\"Sophia Tauber - Gemeinsam wachsen \u2013 verbunden bleiben\",\"description\":\"Gemeinsam wachsen - verbunden bleiben\",\"potentialAction\":[{\"@type\":\"SearchAction\",\"target\":{\"@type\":\"EntryPoint\",\"urlTemplate\":\"https:\\\/\\\/sophia-tauber.de\\\/home\\\/?s={search_term_string}\"},\"query-input\":{\"@type\":\"PropertyValueSpecification\",\"valueRequired\":true,\"valueName\":\"search_term_string\"}}],\"inLanguage\":\"de\"}]}<\/script>\n<!-- \/ Yoast SEO plugin. -->","yoast_head_json":{"title":"Wer bin ich? - Sophia Tauber","robots":{"index":"index","follow":"follow","max-snippet":"max-snippet:-1","max-image-preview":"max-image-preview:large","max-video-preview":"max-video-preview:-1"},"canonical":"https:\/\/sophia-tauber.de\/home\/wer-bin-ich\/","og_locale":"de_DE","og_type":"article","og_title":"Wer bin ich? - Sophia Tauber","og_url":"https:\/\/sophia-tauber.de\/home\/wer-bin-ich\/","og_site_name":"Sophia Tauber","article_modified_time":"2023-02-11T20:43:41+00:00","og_image":[{"url":"http:\/\/site.sophia-tauber.de\/wp-content\/uploads\/2022\/07\/DSC01544-768x512.jpg","type":"","width":"","height":""}],"twitter_card":"summary_large_image","schema":{"@context":"https:\/\/schema.org","@graph":[{"@type":"WebPage","@id":"https:\/\/sophia-tauber.de\/home\/wer-bin-ich\/","url":"https:\/\/sophia-tauber.de\/home\/wer-bin-ich\/","name":"Wer bin ich? - Sophia Tauber","isPartOf":{"@id":"https:\/\/sophia-tauber.de\/home\/#website"},"primaryImageOfPage":{"@id":"https:\/\/sophia-tauber.de\/home\/wer-bin-ich\/#primaryimage"},"image":{"@id":"https:\/\/sophia-tauber.de\/home\/wer-bin-ich\/#primaryimage"},"thumbnailUrl":"http:\/\/site.sophia-tauber.de\/wp-content\/uploads\/2022\/07\/DSC01544-768x512.jpg","datePublished":"2021-08-23T21:02:16+00:00","dateModified":"2023-02-11T20:43:41+00:00","breadcrumb":{"@id":"https:\/\/sophia-tauber.de\/home\/wer-bin-ich\/#breadcrumb"},"inLanguage":"de","potentialAction":[{"@type":"ReadAction","target":["https:\/\/sophia-tauber.de\/home\/wer-bin-ich\/"]}]},{"@type":"ImageObject","inLanguage":"de","@id":"https:\/\/sophia-tauber.de\/home\/wer-bin-ich\/#primaryimage","url":"http:\/\/site.sophia-tauber.de\/wp-content\/uploads\/2022\/07\/DSC01544-768x512.jpg","contentUrl":"http:\/\/site.sophia-tauber.de\/wp-content\/uploads\/2022\/07\/DSC01544-768x512.jpg"},{"@type":"BreadcrumbList","@id":"https:\/\/sophia-tauber.de\/home\/wer-bin-ich\/#breadcrumb","itemListElement":[{"@type":"ListItem","position":1,"name":"Startseite","item":"https:\/\/sophia-tauber.de\/home\/"},{"@type":"ListItem","position":2,"name":"Wer bin ich?"}]},{"@type":"WebSite","@id":"https:\/\/sophia-tauber.de\/home\/#website","url":"https:\/\/sophia-tauber.de\/home\/","name":"Sophia Tauber - Gemeinsam wachsen \u2013 verbunden bleiben","description":"Gemeinsam wachsen - verbunden bleiben","potentialAction":[{"@type":"SearchAction","target":{"@type":"EntryPoint","urlTemplate":"https:\/\/sophia-tauber.de\/home\/?s={search_term_string}"},"query-input":{"@type":"PropertyValueSpecification","valueRequired":true,"valueName":"search_term_string"}}],"inLanguage":"de"}]}},"_links":{"self":[{"href":"https:\/\/sophia-tauber.de\/home\/wp-json\/wp\/v2\/pages\/68","targetHints":{"allow":["GET"]}}],"collection":[{"href":"https:\/\/sophia-tauber.de\/home\/wp-json\/wp\/v2\/pages"}],"about":[{"href":"https:\/\/sophia-tauber.de\/home\/wp-json\/wp\/v2\/types\/page"}],"author":[{"embeddable":true,"href":"https:\/\/sophia-tauber.de\/home\/wp-json\/wp\/v2\/users\/1"}],"replies":[{"embeddable":true,"href":"https:\/\/sophia-tauber.de\/home\/wp-json\/wp\/v2\/comments?post=68"}],"version-history":[{"count":38,"href":"https:\/\/sophia-tauber.de\/home\/wp-json\/wp\/v2\/pages\/68\/revisions"}],"predecessor-version":[{"id":844,"href":"https:\/\/sophia-tauber.de\/home\/wp-json\/wp\/v2\/pages\/68\/revisions\/844"}],"wp:attachment":[{"href":"https:\/\/sophia-tauber.de\/home\/wp-json\/wp\/v2\/media?parent=68"}],"curies":[{"name":"wp","href":"https:\/\/api.w.org\/{rel}","templated":true}]}}