{"id":852,"date":"2023-03-07T20:53:34","date_gmt":"2023-03-07T19:53:34","guid":{"rendered":"http:\/\/site.sophia-tauber.de\/home\/?page_id=852"},"modified":"2024-02-10T09:17:40","modified_gmt":"2024-02-10T08:17:40","slug":"agb","status":"publish","type":"page","link":"https:\/\/sophia-tauber.de\/home\/agb\/","title":{"rendered":"AGB"},"content":{"rendered":"\t\t<div data-elementor-type=\"wp-page\" data-elementor-id=\"852\" class=\"elementor elementor-852\">\n\t\t\t\t\t\t<section class=\"elementor-section elementor-top-section elementor-element elementor-element-78d7bed elementor-section-boxed elementor-section-height-default elementor-section-height-default\" data-id=\"78d7bed\" data-element_type=\"section\" data-e-type=\"section\">\n\t\t\t\t\t\t<div class=\"elementor-container elementor-column-gap-default\">\n\t\t\t\t\t<div class=\"elementor-column elementor-col-100 elementor-top-column elementor-element elementor-element-0baeb7a\" data-id=\"0baeb7a\" data-element_type=\"column\" data-e-type=\"column\">\n\t\t\t<div class=\"elementor-widget-wrap elementor-element-populated\">\n\t\t\t\t\t\t<div class=\"elementor-element elementor-element-adb6c25 elementor-widget elementor-widget-wp-widget-text\" data-id=\"adb6c25\" data-element_type=\"widget\" data-e-type=\"widget\" data-widget_type=\"wp-widget-text.default\">\n\t\t\t\t<div class=\"elementor-widget-container\">\n\t\t\t\t\t\t\t\t<div class=\"textwidget\"><header>\n<h1 class=\"entry-title singular-title\">Allgemeine Gesch\u00e4ftsbedingungen<\/h1>\n<\/header>\n<div class=\"entry-content\">\n<h4>1 \u2013 Allgemeines<\/h4>\n<ol>\n<li>Die allgemeinen Gesch\u00e4ftsbedingungen gelten f\u00fcr alle Leisungen, die auf der Webseite www.sophia-tauber.de angeboten werden. Meine Beratung erfolgt immer nach bestem Wissen.<\/li>\n<li>Es gilt die jeweils zum Zeitpunkt der Buchung\/des Kaufs g\u00fcltige Fassung dieser AGB.<\/li>\n<li>Es gelten die Preise zum Zeitpunkt der Buchung\/des Kaufs.<\/li>\n<\/ol>\n<h4>2 \u2013 Vertragsgegenstand<\/h4>\n<ol>\n<li>Gegenstand des Vertrages ist\/sind:\n<ul>\n<li>Artgerecht-Coaching<\/li>\n<li>Windelfreiberatung<\/li>\n<\/ul>\n<ul>\n<li>Workshops, Kurse und Online-Seminare zu den Themen Artgerecht, Windelfrei, Achtsamkeit und Selbstmitgef\u00fchl<\/li>\n<li>Offene Artgerecht-Treffen\/Eltern-Treffen<\/li>\n<li>Eltern-Kind-Kurse<\/li>\n<\/ul>\n<\/li>\n<li>Das Erstgespr\u00e4ch (zur Kl\u00e4rung von Auftragsumfang, Rahmenbedingungen und Organisatorischem) mit mir dauert ca. 30 Minuten und ist kostenfrei sowie unverbindlich. Es geht dabei um ein erstes Kennenlernen, die Fallkl\u00e4rung und ob eine Zusammenarbeit f\u00fcr beide Parteien sinnvoll und vorstellbar ist.<\/li>\n<\/ol>\n<h4>3 \u2013 Zustandekommen des Vertrages<\/h4>\n<p>Du buchst eine oder mehrere meiner Leistungen anhand der folgenden Schritte:<\/p>\n<ol>\n<li>Auf meiner Webseite unter www.sophia-tauber.de findest du meine Angebote.<\/li>\n<li>\u00dcber mein Kontaktformular oder per E-Mail kannst du mir eine Anfrage senden.<\/li>\n<li>Nach unserem Telefonat\/deiner E-Mail und der Zusage, dass du meine Leistungen in Anspruch nehmen m\u00f6chtest, sende ich dir per E-Mail eine Best\u00e4tigung der Buchung mitsamt dieser Allgemeinen Gesch\u00e4ftsbedingungen (AGB) zu. Dies ist die Annahme deines Buchungsangebots, und in diesem Moment ist der Vertrag geschlossen.<\/li>\n<li>Als Zahlungsm\u00f6glichkeiten stehen die Barzahlung oder die Zahlung per Paypal oder Rechnung zur Verf\u00fcgung.<\/li>\n<li>Telefonische und Online-Beratungen sind auch auf Rechnung m\u00f6glich. In dem Fall bist du verpflichtet, den Rechnungsbetrag innerhalb von 7 Tagen nach Erhalt auf das auf der Rechnung angegebene Konto zu \u00fcberweisen. Die Rechnung ist nach Erhalt ohne Abzug f\u00e4llig. Nach Ablauf der Zahlungsfrist ger\u00e4tst du auch ohne Mahnung in Verzug.<\/li>\n<\/ol>\n<h4>4 \u2013 Personenbezogenen Daten<\/h4>\n<p>F\u00fcr Verwaltungszwecke, sowie f\u00fcr Vorbereitung, Durchf\u00fchrung und Dokumentation der Einzelberatung oder des Kurses, werden die pers\u00f6nlichen Daten von dir gespeichert.<br \/>\nDie Daten werden ohne gesondertes Einverst\u00e4ndnis nicht an Dritte weitergegeben.<br \/>\nMit Abschluss des Vertrages stimmst du den Datenschutzrichtlinien zu.<\/p>\n<h4>5 \u2013 Buchung und Stornierung<\/h4>\n<ol>\n<li>Die Widerrufsfrist beginnt mit dem Vertragsabschluss. Der Vertrag ist in dem Moment abgeschlossen, in dem du die Buchungsbest\u00e4tigung \/ Kaufbest\u00e4tigung durch mich erh\u00e4ltst. Du kannst innerhalb von 14 Tagen deine Buchung kostenfrei widerrufen.<\/li>\n<li>Wird die Buchung innerhalb von 14 Tagen widerrufen und die Beratung oder der Workshop hat in dieser Zeit bereits begonnen, kann keine Erstattung der Teilnahmegeb\u00fchr erfolgen.<\/li>\n<\/ol>\n<h4>6 \u2013 Verschwiegenheit<\/h4>\n<p>Ich verpflichte mich, w\u00e4hrend der Dauer der Beratung und auch nach Beendigung der Beratung \u00fcber alle vertraulichen Informationen von dir Stillschwiegen zu bewahren.<\/p>\n<h4>7 \u2013 <strong>Salvatorische Klausel<\/strong><\/h4>\n<p>Die Unwirksamkeit einer Bestimmung dieser AGB hat keine Auswirkungen auf die Wirksamkeit der sonstigen Bestimmungen.<br \/>\nAufgrund des Kleinunternehmerstatus gem. \u00a7 19 UStG erhebe ich keine Umsatzsteuer und weise diese daher auch nicht aus.<\/p>\n<p>Die angegebenen Preise enthalten gem. \u00a7 19 Abs. 1 UStG keine Umsatzsteuer (Mehrwertsteuer).<\/p>\n<\/div>\n<\/div>\n\t\t\t\t\t\t<\/div>\n\t\t\t\t<\/div>\n\t\t\t\t\t<\/div>\n\t\t<\/div>\n\t\t\t\t\t<\/div>\n\t\t<\/section>\n\t\t\t\t<\/div>\n\t\t","protected":false},"excerpt":{"rendered":"","protected":false},"author":1,"featured_media":0,"parent":0,"menu_order":0,"comment_status":"closed","ping_status":"closed","template":"","meta":{"footnotes":""},"class_list":["post-852","page","type-page","status-publish","hentry"],"yoast_head":"<!-- This site is optimized with the Yoast SEO plugin v27.5 - https:\/\/yoast.com\/product\/yoast-seo-wordpress\/ -->\n<title>AGB - Sophia Tauber<\/title>\n<meta name=\"description\" content=\"AGBs der Website\" \/>\n<meta name=\"robots\" content=\"index, follow, max-snippet:-1, max-image-preview:large, max-video-preview:-1\" \/>\n<link rel=\"canonical\" href=\"https:\/\/sophia-tauber.de\/home\/agb\/\" \/>\n<meta property=\"og:locale\" content=\"de_DE\" \/>\n<meta property=\"og:type\" content=\"article\" \/>\n<meta property=\"og:title\" content=\"AGB - Sophia Tauber\" \/>\n<meta property=\"og:description\" content=\"AGBs der Website\" \/>\n<meta property=\"og:url\" content=\"https:\/\/sophia-tauber.de\/home\/agb\/\" \/>\n<meta property=\"og:site_name\" content=\"Sophia Tauber\" \/>\n<meta property=\"article:modified_time\" content=\"2024-02-10T08:17:40+00:00\" \/>\n<meta name=\"twitter:card\" content=\"summary_large_image\" \/>\n<script type=\"application\/ld+json\" class=\"yoast-schema-graph\">{\"@context\":\"https:\\\/\\\/schema.org\",\"@graph\":[{\"@type\":\"WebPage\",\"@id\":\"https:\\\/\\\/sophia-tauber.de\\\/home\\\/agb\\\/\",\"url\":\"https:\\\/\\\/sophia-tauber.de\\\/home\\\/agb\\\/\",\"name\":\"AGB - Sophia Tauber\",\"isPartOf\":{\"@id\":\"https:\\\/\\\/sophia-tauber.de\\\/home\\\/#website\"},\"datePublished\":\"2023-03-07T19:53:34+00:00\",\"dateModified\":\"2024-02-10T08:17:40+00:00\",\"description\":\"AGBs der Website\",\"breadcrumb\":{\"@id\":\"https:\\\/\\\/sophia-tauber.de\\\/home\\\/agb\\\/#breadcrumb\"},\"inLanguage\":\"de\",\"potentialAction\":[{\"@type\":\"ReadAction\",\"target\":[\"https:\\\/\\\/sophia-tauber.de\\\/home\\\/agb\\\/\"]}]},{\"@type\":\"BreadcrumbList\",\"@id\":\"https:\\\/\\\/sophia-tauber.de\\\/home\\\/agb\\\/#breadcrumb\",\"itemListElement\":[{\"@type\":\"ListItem\",\"position\":1,\"name\":\"Startseite\",\"item\":\"https:\\\/\\\/sophia-tauber.de\\\/home\\\/\"},{\"@type\":\"ListItem\",\"position\":2,\"name\":\"AGB\"}]},{\"@type\":\"WebSite\",\"@id\":\"https:\\\/\\\/sophia-tauber.de\\\/home\\\/#website\",\"url\":\"https:\\\/\\\/sophia-tauber.de\\\/home\\\/\",\"name\":\"Sophia Tauber - Gemeinsam wachsen \u2013 verbunden bleiben\",\"description\":\"Gemeinsam wachsen - verbunden bleiben\",\"potentialAction\":[{\"@type\":\"SearchAction\",\"target\":{\"@type\":\"EntryPoint\",\"urlTemplate\":\"https:\\\/\\\/sophia-tauber.de\\\/home\\\/?s={search_term_string}\"},\"query-input\":{\"@type\":\"PropertyValueSpecification\",\"valueRequired\":true,\"valueName\":\"search_term_string\"}}],\"inLanguage\":\"de\"}]}<\/script>\n<!-- \/ Yoast SEO plugin. -->","yoast_head_json":{"title":"AGB - Sophia Tauber","description":"AGBs der Website","robots":{"index":"index","follow":"follow","max-snippet":"max-snippet:-1","max-image-preview":"max-image-preview:large","max-video-preview":"max-video-preview:-1"},"canonical":"https:\/\/sophia-tauber.de\/home\/agb\/","og_locale":"de_DE","og_type":"article","og_title":"AGB - Sophia Tauber","og_description":"AGBs der Website","og_url":"https:\/\/sophia-tauber.de\/home\/agb\/","og_site_name":"Sophia Tauber","article_modified_time":"2024-02-10T08:17:40+00:00","twitter_card":"summary_large_image","schema":{"@context":"https:\/\/schema.org","@graph":[{"@type":"WebPage","@id":"https:\/\/sophia-tauber.de\/home\/agb\/","url":"https:\/\/sophia-tauber.de\/home\/agb\/","name":"AGB - Sophia Tauber","isPartOf":{"@id":"https:\/\/sophia-tauber.de\/home\/#website"},"datePublished":"2023-03-07T19:53:34+00:00","dateModified":"2024-02-10T08:17:40+00:00","description":"AGBs der Website","breadcrumb":{"@id":"https:\/\/sophia-tauber.de\/home\/agb\/#breadcrumb"},"inLanguage":"de","potentialAction":[{"@type":"ReadAction","target":["https:\/\/sophia-tauber.de\/home\/agb\/"]}]},{"@type":"BreadcrumbList","@id":"https:\/\/sophia-tauber.de\/home\/agb\/#breadcrumb","itemListElement":[{"@type":"ListItem","position":1,"name":"Startseite","item":"https:\/\/sophia-tauber.de\/home\/"},{"@type":"ListItem","position":2,"name":"AGB"}]},{"@type":"WebSite","@id":"https:\/\/sophia-tauber.de\/home\/#website","url":"https:\/\/sophia-tauber.de\/home\/","name":"Sophia Tauber - Gemeinsam wachsen \u2013 verbunden bleiben","description":"Gemeinsam wachsen - verbunden bleiben","potentialAction":[{"@type":"SearchAction","target":{"@type":"EntryPoint","urlTemplate":"https:\/\/sophia-tauber.de\/home\/?s={search_term_string}"},"query-input":{"@type":"PropertyValueSpecification","valueRequired":true,"valueName":"search_term_string"}}],"inLanguage":"de"}]}},"_links":{"self":[{"href":"https:\/\/sophia-tauber.de\/home\/wp-json\/wp\/v2\/pages\/852","targetHints":{"allow":["GET"]}}],"collection":[{"href":"https:\/\/sophia-tauber.de\/home\/wp-json\/wp\/v2\/pages"}],"about":[{"href":"https:\/\/sophia-tauber.de\/home\/wp-json\/wp\/v2\/types\/page"}],"author":[{"embeddable":true,"href":"https:\/\/sophia-tauber.de\/home\/wp-json\/wp\/v2\/users\/1"}],"replies":[{"embeddable":true,"href":"https:\/\/sophia-tauber.de\/home\/wp-json\/wp\/v2\/comments?post=852"}],"version-history":[{"count":14,"href":"https:\/\/sophia-tauber.de\/home\/wp-json\/wp\/v2\/pages\/852\/revisions"}],"predecessor-version":[{"id":1034,"href":"https:\/\/sophia-tauber.de\/home\/wp-json\/wp\/v2\/pages\/852\/revisions\/1034"}],"wp:attachment":[{"href":"https:\/\/sophia-tauber.de\/home\/wp-json\/wp\/v2\/media?parent=852"}],"curies":[{"name":"wp","href":"https:\/\/api.w.org\/{rel}","templated":true}]}}